{"id":37040,"date":"2024-11-13T20:22:31","date_gmt":"2024-11-13T17:22:31","guid":{"rendered":"https:\/\/costalekka.com\/?post_type=product&#038;p=37040"},"modified":"2024-11-13T21:01:08","modified_gmt":"2024-11-13T18:01:08","slug":"fluid-market-vase-cup-of-coffee","status":"publish","type":"product","link":"https:\/\/costalekka.com\/el\/shop\/%ce%b4%ce%b9%ce%b1%ce%ba%ce%bf%cf%83%ce%bc%ce%b7%cf%83%ce%b7-%cf%83%cf%80%ce%b9%cf%84%ce%b9%ce%bf%cf%85\/%ce%b2%ce%ac%ce%b6%ce%b1\/fluid-market-vase-cup-of-coffee\/","title":{"rendered":"Fluid Market Vase Cup of Coffee"},"content":{"rendered":"","protected":false},"excerpt":{"rendered":"<pre id=\"tw-target-text\" class=\"tw-data-text tw-text-large tw-ta\" dir=\"ltr\" data-placeholder=\"\u039c\u03b5\u03c4\u03ac\u03c6\u03c1\u03b1\u03c3\u03b7\" data-ved=\"2ahUKEwjUq9WI49mJAxXJ1gIHHb0HCjkQ3ewLegQICRAU\" aria-label=\"\u039c\u03b5\u03c4\u03b1\u03c6\u03c1\u03b1\u03c3\u03bc\u03ad\u03bd\u03bf \u03ba\u03b5\u03af\u03bc\u03b5\u03bd\u03bf: \ud83d\udc99 \u0392\u03ac\u03b6\u03bf \u03ba\u03b1\u03b9 \u03ba\u03b5\u03c1\u03b1\u03bc\u03b9\u03ba\u03cc \ud83d\udc40 \u039f\u03c5\u03c1\u03ac: 25cm (\u03a5) *16cm (L) *7cm (l) \ud83c\udfa8 Couleurs: Blanc, Jaune, Bleu \ud83d\udce6 Livraison \u00e9stim\u00e9e sous 5 jours ouvr\u00e9s via Mondial Relay \u00a9\ufe0f \u03a3\u03c7\u03b5\u03b4\u03b9\u03b1\u03c3\u03bc\u03cc\u03c2 \u03b1\u03c0\u03bf\u03ba\u03bb\u03b5\u03b9\u03c3\u03c4\u03b9\u03ba\u03ac \u03b1\u03c0\u03cc \u03c4\u03b7\u03bd \u03b1\u03b3\u03bf\u03c1\u03ac \u03c5\u03b3\u03c1\u03ce\u03bd\"><span class=\"Y2IQFc\" lang=\"el\">\ud83d\udc99 \u0392\u03ac\u03b6\u03bf \u03ba\u03b1\u03b9 \u03ba\u03b5\u03c1\u03b1\u03bc\u03b9\u03ba\u03cc\r\n\ud83d\udc40 \u0394\u03b9\u03b1\u03c3\u03c4\u03ac\u03c3\u03b5\u03b9\u03c2: 19,5cm (H) *13cm (L) *8cm (l)<\/span><\/pre>","protected":false},"featured_media":37041,"template":"","meta":{"_acf_changed":false},"pwb-brand":[1344],"product_brand":[],"product_cat":[1034,1056],"product_tag":[],"class_list":{"0":"post-37040","1":"product","2":"type-product","3":"status-publish","4":"has-post-thumbnail","6":"pwb-brand-fluid-market","7":"product_cat-home-decor","8":"product_cat-vases","10":"first","11":"instock","12":"taxable","13":"shipping-taxable","14":"purchasable","15":"product-type-simple","16":"add-to-wishlist-after_add_to_cart"},"acf":[],"brands":[{"id":1344,"name":"FLUID MARKET","slug":"fluid-market"}],"_links":{"self":[{"href":"https:\/\/costalekka.com\/el\/wp-json\/wp\/v2\/product\/37040","targetHints":{"allow":["GET"]}}],"collection":[{"href":"https:\/\/costalekka.com\/el\/wp-json\/wp\/v2\/product"}],"about":[{"href":"https:\/\/costalekka.com\/el\/wp-json\/wp\/v2\/types\/product"}],"wp:featuredmedia":[{"embeddable":true,"href":"https:\/\/costalekka.com\/el\/wp-json\/wp\/v2\/media\/37041"}],"wp:attachment":[{"href":"https:\/\/costalekka.com\/el\/wp-json\/wp\/v2\/media?parent=37040"}],"wp:term":[{"taxonomy":"pwb-brand","embeddable":true,"href":"https:\/\/costalekka.com\/el\/wp-json\/wp\/v2\/pwb-brand?post=37040"},{"taxonomy":"product_brand","embeddable":true,"href":"https:\/\/costalekka.com\/el\/wp-json\/wp\/v2\/product_brand?post=37040"},{"taxonomy":"product_cat","embeddable":true,"href":"https:\/\/costalekka.com\/el\/wp-json\/wp\/v2\/product_cat?post=37040"},{"taxonomy":"product_tag","embeddable":true,"href":"https:\/\/costalekka.com\/el\/wp-json\/wp\/v2\/product_tag?post=37040"}],"curies":[{"name":"wp","href":"https:\/\/api.w.org\/{rel}","templated":true}]}}